


{"id":14287228,"date":"2025-10-25T19:48:35","date_gmt":"2025-10-25T18:48:35","guid":{"rendered":"https:\/\/staging.learned.io\/sicherheit\/"},"modified":"2025-10-31T13:48:00","modified_gmt":"2025-10-31T12:48:00","slug":"sicherheit","status":"publish","type":"page","link":"https:\/\/staging.learned.io\/de\/sicherheit\/","title":{"rendered":"Security"},"content":{"rendered":"<p>[et_pb_section fb_built=&#8220;1&#8243; _builder_version=&#8220;4.27.4&#8243; _module_preset=&#8220;default&#8220; background_color=&#8220;#fdf2ed&#8220; custom_margin=&#8220;24px||||false|false&#8220; custom_padding=&#8220;||0px||false|false&#8220; locked=&#8220;off&#8220; global_colors_info=&#8220;{}&#8220;][et_pb_row column_structure=&#8220;1_2,1_2&#8243; _builder_version=&#8220;4.27.2&#8243; _module_preset=&#8220;default&#8220; custom_padding=&#8220;0px||0px||false|false&#8220; global_colors_info=&#8220;{}&#8220;][et_pb_column type=&#8220;1_2&#8243; _builder_version=&#8220;4.27.2&#8243; _module_preset=&#8220;default&#8220; global_colors_info=&#8220;{}&#8220;][et_pb_text _builder_version=&#8220;4.27.2&#8243; _module_preset=&#8220;default&#8220; text_text_color=&#8220;#63527a&#8220; text_font_size=&#8220;18px&#8220; header_font=&#8220;||||||||&#8220; header_text_color=&#8220;#63527a&#8220; header_font_size=&#8220;16px&#8220; min_height=&#8220;31.8px&#8220; custom_padding=&#8220;||1px|||&#8220; locked=&#8220;off&#8220; global_colors_info=&#8220;{}&#8220;]<\/p> <h1>Sicherheit &amp; Datenschutz<\/h1> <p>[\/et_pb_text][et_pb_text module_class=&#8220;title&#8220; _builder_version=&#8220;4.27.2&#8243; _module_preset=&#8220;default&#8220; text_line_height=&#8220;1.5em&#8220; header_font=&#8220;Poppins|700|||||||&#8220; header_text_align=&#8220;center&#8220; header_text_color=&#8220;#2A2334&#8243; header_font_size=&#8220;56px&#8220; header_line_height=&#8220;125%&#8220; header_2_font=&#8220;|700|||||||&#8220; header_2_text_color=&#8220;#2A2334&#8243; header_2_font_size=&#8220;56px&#8220; width=&#8220;100%&#8220; width_tablet=&#8220;100%&#8220; width_phone=&#8220;100%&#8220; width_last_edited=&#8220;on|phone&#8220; module_alignment=&#8220;left&#8220; custom_margin=&#8220;0px||||false|false&#8220; custom_padding=&#8220;||15px||false|false&#8220; animation_direction=&#8220;left&#8220; text_font_size_tablet=&#8220;&#8220; text_font_size_phone=&#8220;&#8220; text_font_size_last_edited=&#8220;on|desktop&#8220; header_font_size_tablet=&#8220;35px&#8220; header_font_size_phone=&#8220;39px&#8220; header_font_size_last_edited=&#8220;on|phone&#8220; header_2_font_size_tablet=&#8220;48px&#8220; header_2_font_size_phone=&#8220;35px&#8220; header_2_font_size_last_edited=&#8220;on|phone&#8220; locked=&#8220;off&#8220; global_colors_info=&#8220;{}&#8220;]<\/p> <h2 style=\"text-align: left\">Die Daten Ihrer Mitarbeiter sind bei uns sicher<\/h2> <p>[\/et_pb_text][et_pb_text _builder_version=&#8220;4.27.2&#8243; _module_preset=&#8220;default&#8220; text_text_color=&#8220;#63527a&#8220; width=&#8220;90%&#8220; module_alignment=&#8220;left&#8220; custom_margin=&#8220;0px||||false|false&#8220; global_colors_info=&#8220;{}&#8220;]<\/p> <p>Die Daten, die wir in Learned verarbeiten, werden nach den h\u00f6chsten Sicherheitsvorschriften in Deutschland auf der Google Cloud Platform gespeichert. Wir arbeiten von den Niederlanden aus, sind ISO27001-zertifiziert, AVG-konform und f\u00fchren mindestens einmal im Jahr Penetrationstests auf unserer Plattform durch. <\/p> <p>[\/et_pb_text][\/et_pb_column][et_pb_column type=&#8220;1_2&#8243; _builder_version=&#8220;4.27.2&#8243; _module_preset=&#8220;default&#8220; global_colors_info=&#8220;{}&#8220;][et_pb_image src=&#8220;https:\/\/staging.learned.io\/wp-content\/uploads\/2024\/10\/Solution-page-innovatief-hero-1.png&#8220; alt=&#8220;Learned&#8220; title_text=&#8220;L\u00f6sungsseite innovativer Held&#8220; _builder_version=&#8220;4.27.2&#8243; _module_preset=&#8220;default&#8220; width=&#8220;80%&#8220; width_tablet=&#8220;80%&#8220; width_phone=&#8220;80%&#8220; width_last_edited=&#8220;on|phone&#8220; module_alignment=&#8220;center&#8220; custom_padding=&#8220;20px||||false|false&#8220; global_colors_info=&#8220;{}&#8220;][\/et_pb_image][\/et_pb_column][\/et_pb_row][\/et_pb_section][et_pb_section fb_built=&#8220;1&#8243; _builder_version=&#8220;4.27.4&#8243; _module_preset=&#8220;default&#8220; background_color=&#8220;#FDF2ED&#8220; background_enable_image=&#8220;off&#8220; background_size=&#8220;initial&#8220; background_position=&#8220;center_right&#8220; custom_margin=&#8220;||||false|false&#8220; custom_padding=&#8220;||120px||false|false&#8220; background_last_edited=&#8220;on|desktop&#8220; use_background_color_gradient_phone=&#8220;on&#8220; background_color_gradient_stops_phone=&#8220;#fdf9fa 50%|#ffffff 50%&#8220; global_colors_info=&#8220;{}&#8220;][et_pb_row custom_padding_last_edited=&#8220;on|tablet&#8220; _builder_version=&#8220;4.21.0&#8243; _module_preset=&#8220;default&#8220; custom_margin=&#8220;150px||||false|false&#8220; custom_margin_tablet=&#8220;70px||||false|false&#8220; custom_margin_phone=&#8220;|||&#8220; custom_margin_last_edited=&#8220;on|phone&#8220; custom_padding=&#8220;||10px||false|false&#8220; custom_padding_tablet=&#8220;||0px||false|false&#8220; custom_padding_phone=&#8220;||0px||false|false&#8220; global_colors_info=&#8220;{}&#8220;][et_pb_column type=&#8220;4_4&#8243; _builder_version=&#8220;4.21.0&#8243; _module_preset=&#8220;default&#8220; global_colors_info=&#8220;{}&#8220;][et_pb_text _builder_version=&#8220;4.27.2&#8243; _module_preset=&#8220;default&#8220; header_text_align=&#8220;left&#8220; header_text_color=&#8220;#9055EE&#8220; header_line_height=&#8220;1.4em&#8220; header_2_font=&#8220;|600|||||||&#8220; header_2_text_color=&#8220;#2a2334&#8243; header_2_font_size=&#8220;40px&#8220; custom_margin=&#8220;||||false|false&#8220; header_font_size_tablet=&#8220;35px&#8220; header_font_size_phone=&#8220;30px&#8220; header_font_size_last_edited=&#8220;on|phone&#8220; header_2_font_size_tablet=&#8220;40px&#8220; header_2_font_size_phone=&#8220;35px&#8220; header_2_font_size_last_edited=&#8220;on|tablet&#8220; locked=&#8220;off&#8220; global_colors_info=&#8220;{}&#8220;]<\/p> <h2>Allgemeine Informationen<\/h2> <p>[\/et_pb_text][\/et_pb_column][\/et_pb_row][et_pb_row column_structure=&#8220;1_3,1_3,1_3&#8243; custom_padding_last_edited=&#8220;on|desktop&#8220; _builder_version=&#8220;4.27.2&#8243; _module_preset=&#8220;default&#8220; custom_padding=&#8220;||||false|false&#8220; custom_padding_tablet=&#8220;||0px||false|false&#8220; custom_padding_phone=&#8220;||0px||false|false&#8220; global_colors_info=&#8220;{}&#8220;][et_pb_column type=&#8220;1_3&#8243; _builder_version=&#8220;4.21.0&#8243; _module_preset=&#8220;default&#8220; global_colors_info=&#8220;{}&#8220;][et_pb_blurb title=&#8220;ISO27001&#8243; content_max_width=&#8220;100%&#8220; _builder_version=&#8220;4.27.2&#8243; _module_preset=&#8220;default&#8220; header_level=&#8220;h3&#8243; header_font=&#8220;|600|||||||&#8220; header_text_color=&#8220;#c937e6&#8243; header_font_size=&#8220;24px&#8220; header_line_height=&#8220;1.4em&#8220; body_text_color=&#8220;#63527a&#8220; custom_padding_tablet=&#8220;||30px||false|false&#8220; custom_padding_phone=&#8220;||30px||false|false&#8220; custom_padding_last_edited=&#8220;on|phone&#8220; custom_css_blurb_title=&#8220;padding-bottom:15px;&#8220; global_colors_info=&#8220;{}&#8220;]<\/p> <p>Learned ist von TUV Netherlands nach ISO27001 zertifiziert. Unser ISO-Zertifikat und unsere Erkl\u00e4rung zur Anwendbarkeit sind auf Anfrage erh\u00e4ltlich.<\/p> <p>[\/et_pb_blurb][\/et_pb_column][et_pb_column type=&#8220;1_3&#8243; _builder_version=&#8220;4.21.0&#8243; _module_preset=&#8220;default&#8220; global_colors_info=&#8220;{}&#8220;][et_pb_blurb title=&#8220;AVG\/GDPR-konform&#8220; content_max_width=&#8220;100%&#8220; _builder_version=&#8220;4.27.2&#8243; _module_preset=&#8220;default&#8220; header_level=&#8220;h3&#8243; header_font=&#8220;|600|||||||&#8220; header_text_color=&#8220;#c937e6&#8243; header_font_size=&#8220;24px&#8220; header_line_height=&#8220;1.4em&#8220; body_text_color=&#8220;#63527a&#8220; custom_padding=&#8220;||30px||false|false&#8220; custom_css_blurb_title=&#8220;padding-bottom:15px;&#8220; global_colors_info=&#8220;{}&#8220;]<\/p> <p>Wir halten uns an das AVG. Unsere Daten und unser Server sind in Deutschland bei Google Cloud gespeichert. Weitere Informationen finden Sie in unserem SLA und unserer Prozessorvereinbarung.<\/p> <p>[\/et_pb_blurb][\/et_pb_column][et_pb_column type=&#8220;1_3&#8243; _builder_version=&#8220;4.21.0&#8243; _module_preset=&#8220;default&#8220; global_colors_info=&#8220;{}&#8220;][et_pb_blurb title=&#8220;99.99% uptime&#8220; content_max_width=&#8220;100%&#8220; _builder_version=&#8220;4.24.0&#8243; _module_preset=&#8220;default&#8220; header_level=&#8220;h3&#8243; header_font=&#8220;|600|||||||&#8220; header_text_color=&#8220;#c937e6&#8243; header_font_size=&#8220;24px&#8220; header_line_height=&#8220;1.4em&#8220; body_text_color=&#8220;#63527a&#8220; custom_css_blurb_title=&#8220;padding-bottom:15px;&#8220; global_colors_info=&#8220;{}&#8220;]<\/p> <p>Unsere Software-Plattform ist fast immer verf\u00fcgbar. Wir f\u00fchren alle Aktualisierungen au\u00dferhalb der B\u00fcrozeiten durch. <\/p> <p>[\/et_pb_blurb][\/et_pb_column][\/et_pb_row][et_pb_row custom_padding_last_edited=&#8220;on|tablet&#8220; _builder_version=&#8220;4.27.2&#8243; _module_preset=&#8220;default&#8220; custom_margin=&#8220;60px||||false|false&#8220; custom_padding=&#8220;||10px||false|false&#8220; custom_padding_tablet=&#8220;||0px||false|false&#8220; custom_padding_phone=&#8220;||0px||false|false&#8220; global_colors_info=&#8220;{}&#8220;][et_pb_column type=&#8220;4_4&#8243; _builder_version=&#8220;4.21.0&#8243; _module_preset=&#8220;default&#8220; global_colors_info=&#8220;{}&#8220;][et_pb_text _builder_version=&#8220;4.27.2&#8243; _module_preset=&#8220;default&#8220; header_text_align=&#8220;left&#8220; header_text_color=&#8220;#9055ee&#8220; header_line_height=&#8220;1.4em&#8220; header_2_font=&#8220;|600|||||||&#8220; header_2_font_size=&#8220;40px&#8220; custom_margin=&#8220;||||false|false&#8220; header_font_size_tablet=&#8220;35px&#8220; header_font_size_phone=&#8220;30px&#8220; header_font_size_last_edited=&#8220;on|phone&#8220; header_2_font_size_tablet=&#8220;40px&#8220; header_2_font_size_phone=&#8220;35px&#8220; header_2_font_size_last_edited=&#8220;on|tablet&#8220; locked=&#8220;off&#8220; global_colors_info=&#8220;{}&#8220;]<\/p> <h2>Sicherheit<\/h2> <p>[\/et_pb_text][\/et_pb_column][\/et_pb_row][et_pb_row column_structure=&#8220;1_3,1_3,1_3&#8243; use_custom_gutter=&#8220;on&#8220; gutter_width=&#8220;2&#8243; custom_padding_last_edited=&#8220;on|tablet&#8220; _builder_version=&#8220;4.21.0&#8243; _module_preset=&#8220;default&#8220; custom_padding=&#8220;||70px||false|false&#8220; custom_padding_tablet=&#8220;||0px||false|false&#8220; custom_padding_phone=&#8220;||0px||false|false&#8220; global_colors_info=&#8220;{}&#8220;][et_pb_column type=&#8220;1_3&#8243; _builder_version=&#8220;4.21.0&#8243; _module_preset=&#8220;default&#8220; global_colors_info=&#8220;{}&#8220;][et_pb_blurb title=&#8220;Kommunikation&#8220; content_max_width=&#8220;100%&#8220; _builder_version=&#8220;4.27.2&#8243; _module_preset=&#8220;default&#8220; header_level=&#8220;h3&#8243; header_font=&#8220;|600|||||||&#8220; header_text_color=&#8220;#c937e6&#8243; header_font_size=&#8220;24px&#8220; header_line_height=&#8220;1.4em&#8220; body_text_color=&#8220;#63527a&#8220; custom_padding=&#8220;||20px||false|false&#8220; custom_css_blurb_title=&#8220;padding-bottom:15px;&#8220; global_colors_info=&#8220;{}&#8220;]<\/p> <p>Die gesamte Kommunikation mit Learned (per Chat oder E-Mail) wird immer mit der neuesten Version von TLS verschl\u00fcsselt.<\/p> <p>[\/et_pb_blurb][\/et_pb_column][et_pb_column type=&#8220;1_3&#8243; _builder_version=&#8220;4.21.0&#8243; _module_preset=&#8220;default&#8220; global_colors_info=&#8220;{}&#8220;][et_pb_blurb title=&#8220;KI-Folgenabsch\u00e4tzung&#8220; content_max_width=&#8220;100%&#8220; _builder_version=&#8220;4.27.4&#8243; _module_preset=&#8220;default&#8220; header_level=&#8220;h3&#8243; header_font=&#8220;|600|||||||&#8220; header_text_color=&#8220;#c937e6&#8243; header_font_size=&#8220;24px&#8220; header_line_height=&#8220;1.4em&#8220; body_text_color=&#8220;#63527a&#8220; custom_padding=&#8220;||20px||false|false&#8220; custom_css_blurb_title=&#8220;padding-bottom:15px;&#8220; global_colors_info=&#8220;{}&#8220;]<\/p> <p><span style=\"font-weight: 400\">Unsere KI-Funktionen fallen unter das EU-KI-Gesetz; wir haben zu diesem Zweck eine AIIA erstellt. Die Daten in Learned werden nicht zum Trainieren von KI-Modellen verwendet und nicht au\u00dferhalb der EU verarbeitet. <\/span><\/p> <p>[\/et_pb_blurb][\/et_pb_column][et_pb_column type=&#8220;1_3&#8243; _builder_version=&#8220;4.21.0&#8243; _module_preset=&#8220;default&#8220; global_colors_info=&#8220;{}&#8220;][et_pb_blurb title=&#8220;Verschl\u00fcsselung&#8220; content_max_width=&#8220;100%&#8220; _builder_version=&#8220;4.27.2&#8243; _module_preset=&#8220;default&#8220; header_level=&#8220;h3&#8243; header_font=&#8220;|600|||||||&#8220; header_text_color=&#8220;#c937e6&#8243; header_font_size=&#8220;24px&#8220; header_line_height=&#8220;1.4em&#8220; body_text_color=&#8220;#63527a&#8220; custom_css_blurb_title=&#8220;padding-bottom:15px;&#8220; global_colors_info=&#8220;{}&#8220;]<\/p> <p>TLS und Authentifizierung (SCRAM) sind Standardbestandteile von Google Cloud. Die an die Datenbank gesendeten Daten (bei der \u00dcbertragung) werden mit TLS verschl\u00fcsselt. Die Verschl\u00fcsselung von Daten im Ruhezustand erfolgt automatisch \u00fcber die transparente Festplattenverschl\u00fcsselung von Google Cloud Platform, die Advanced Encryption Standards (AES-256) verwendet. <\/p> <p>[\/et_pb_blurb][\/et_pb_column][\/et_pb_row][et_pb_row column_structure=&#8220;1_3,1_3,1_3&#8243; use_custom_gutter=&#8220;on&#8220; gutter_width=&#8220;2&#8243; custom_padding_last_edited=&#8220;on|tablet&#8220; _builder_version=&#8220;4.21.0&#8243; _module_preset=&#8220;default&#8220; custom_padding=&#8220;||40px||false|false&#8220; custom_padding_tablet=&#8220;||0px||false|false&#8220; custom_padding_phone=&#8220;||0px||false|false&#8220; global_colors_info=&#8220;{}&#8220;][et_pb_column type=&#8220;1_3&#8243; _builder_version=&#8220;4.21.0&#8243; _module_preset=&#8220;default&#8220; global_colors_info=&#8220;{}&#8220;][et_pb_blurb title=&#8220;Single-Sign-On (SSO)&#8220; content_max_width=&#8220;100%&#8220; _builder_version=&#8220;4.27.2&#8243; _module_preset=&#8220;default&#8220; header_level=&#8220;h3&#8243; header_font=&#8220;|600|||||||&#8220; header_text_color=&#8220;#c937e6&#8243; header_font_size=&#8220;24px&#8220; header_line_height=&#8220;1.4em&#8220; body_text_color=&#8220;#63527a&#8220; custom_padding=&#8220;||20px||false|false&#8220; custom_css_blurb_title=&#8220;padding-bottom:15px;&#8220; global_colors_info=&#8220;{}&#8220;]<\/p> <p>Um sich einfach und sicher anzumelden, bieten wir SSO von Microsoft Azure und Google.<\/p> <p>[\/et_pb_blurb][\/et_pb_column][et_pb_column type=&#8220;1_3&#8243; _builder_version=&#8220;4.21.0&#8243; _module_preset=&#8220;default&#8220; global_colors_info=&#8220;{}&#8220;][et_pb_blurb title=&#8220;(Forced) MFA&#8220; content_max_width=&#8220;100%&#8220; _builder_version=&#8220;4.27.2&#8243; _module_preset=&#8220;default&#8220; header_level=&#8220;h3&#8243; header_font=&#8220;|600|||||||&#8220; header_text_color=&#8220;#c937e6&#8243; header_font_size=&#8220;24px&#8220; header_line_height=&#8220;1.4em&#8220; body_text_color=&#8220;#63527a&#8220; background_color=&#8220;RGBA(255,255,255,0)&#8220; custom_padding=&#8220;||20px||false|false&#8220; custom_padding_last_edited=&#8220;off|desktop&#8220; custom_css_blurb_title=&#8220;padding-bottom:15px;&#8220; global_colors_info=&#8220;{}&#8220; custom_padding__hover_enabled=&#8220;off|desktop&#8220;]<\/p> <p>Sie k\u00f6nnen sich f\u00fcr eine zus\u00e4tzliche \u00dcberpr\u00fcfung mit MFA entscheiden. Kann auch firmenweit verbindlich gemacht werden.<\/p> <p>[\/et_pb_blurb][\/et_pb_column][et_pb_column type=&#8220;1_3&#8243; _builder_version=&#8220;4.21.0&#8243; _module_preset=&#8220;default&#8220; global_colors_info=&#8220;{}&#8220;][et_pb_blurb title=&#8220;Autorisierung, Rechte und Rollen&#8220; content_max_width=&#8220;100%&#8220; _builder_version=&#8220;4.27.2&#8243; _module_preset=&#8220;default&#8220; header_level=&#8220;h3&#8243; header_font=&#8220;|600|||||||&#8220; header_text_color=&#8220;#c937e6&#8243; header_font_size=&#8220;24px&#8220; header_line_height=&#8220;1.4em&#8220; body_text_color=&#8220;#63527a&#8220; custom_css_blurb_title=&#8220;padding-bottom:15px;&#8220; global_colors_info=&#8220;{}&#8220;]<\/p> <p>Richten Sie den Zugriff auf Learned manuell oder automatisch \u00fcber eine Integration mit Ihrem Personalverwaltungssystem ein.<\/p> <p>[\/et_pb_blurb][\/et_pb_column][\/et_pb_row][et_pb_row column_structure=&#8220;1_3,1_3,1_3&#8243; use_custom_gutter=&#8220;on&#8220; gutter_width=&#8220;2&#8243; custom_padding_last_edited=&#8220;on|tablet&#8220; _builder_version=&#8220;4.21.0&#8243; _module_preset=&#8220;default&#8220; custom_padding=&#8220;||40px||false|false&#8220; custom_padding_tablet=&#8220;||0px||false|false&#8220; custom_padding_phone=&#8220;||0px||false|false&#8220; global_colors_info=&#8220;{}&#8220;][et_pb_column type=&#8220;1_3&#8243; _builder_version=&#8220;4.21.0&#8243; _module_preset=&#8220;default&#8220; global_colors_info=&#8220;{}&#8220;][et_pb_blurb title=&#8220;Learned Infrastruktur&#8220; content_max_width=&#8220;100%&#8220; _builder_version=&#8220;4.27.4&#8243; _module_preset=&#8220;default&#8220; header_level=&#8220;h3&#8243; header_font=&#8220;|600|||||||&#8220; header_text_color=&#8220;#c937e6&#8243; header_font_size=&#8220;24px&#8220; header_line_height=&#8220;1.4em&#8220; body_text_color=&#8220;#63527a&#8220; custom_padding=&#8220;||20px||false|false&#8220; custom_css_blurb_title=&#8220;padding-bottom:15px;&#8220; global_colors_info=&#8220;{}&#8220;]<\/p> <p>Die Daten sind bei Google Cloud in Deutschland in einer MongoDB-Datenbank gespeichert. Weitere Informationen zu unserer IT-Landschaft finden Sie in unserer <a href=\"https:\/\/143197515.fs1.hubspotusercontent-eu1.net\/hubfs\/143197515\/Legal%20Docs%20-%20Website\/Learned%20-%20Verwerkersovereenkomst%20-%20NL.pdf\" target=\"_blank\" rel=\"noopener\">Prozessorvereinbarung<\/a>.<\/p> <p>[\/et_pb_blurb][\/et_pb_column][et_pb_column type=&#8220;1_3&#8243; _builder_version=&#8220;4.21.0&#8243; _module_preset=&#8220;default&#8220; global_colors_info=&#8220;{}&#8220;][et_pb_blurb title=&#8220;Back-ups&#8220; content_max_width=&#8220;100%&#8220; _builder_version=&#8220;4.27.2&#8243; _module_preset=&#8220;default&#8220; header_level=&#8220;h3&#8243; header_font=&#8220;|600|||||||&#8220; header_text_color=&#8220;#c937e6&#8243; header_font_size=&#8220;24px&#8220; header_line_height=&#8220;1.4em&#8220; body_text_color=&#8220;#63527a&#8220; custom_padding=&#8220;||20px||false|false&#8220; custom_css_blurb_title=&#8220;padding-bottom:15px;&#8220; global_colors_info=&#8220;{}&#8220;]<\/p> <p>Google Cloud speichert automatisch Backups f\u00fcr uns. Ein Backup kann minutengenau wiederhergestellt werden (f\u00fcr Point-in-Time Restore), wird verschl\u00fcsselt gespeichert und bis zu 7 Tage zur\u00fcck gespeichert. <\/p> <p>[\/et_pb_blurb][\/et_pb_column][et_pb_column type=&#8220;1_3&#8243; _builder_version=&#8220;4.21.0&#8243; _module_preset=&#8220;default&#8220; global_colors_info=&#8220;{}&#8220;][et_pb_blurb title=&#8220;Muss es wissen&#8220; content_max_width=&#8220;100%&#8220; _builder_version=&#8220;4.27.4&#8243; _module_preset=&#8220;default&#8220; header_level=&#8220;h3&#8243; header_font=&#8220;|600|||||||&#8220; header_text_color=&#8220;#c937e6&#8243; header_font_size=&#8220;24px&#8220; header_line_height=&#8220;1.4em&#8220; body_text_color=&#8220;#63527a&#8220; custom_css_blurb_title=&#8220;padding-bottom:15px;&#8220; global_colors_info=&#8220;{}&#8220;]<\/p> <p>Alle Kenntnisse und der Zugang zu Systemen innerhalb von Learned werden auf einer &#8218;Need to Know&#8216;-Basis eingerichtet.<\/p> <p>[\/et_pb_blurb][\/et_pb_column][\/et_pb_row][et_pb_row column_structure=&#8220;1_3,1_3,1_3&#8243; use_custom_gutter=&#8220;on&#8220; gutter_width=&#8220;2&#8243; custom_padding_last_edited=&#8220;on|tablet&#8220; _builder_version=&#8220;4.21.0&#8243; _module_preset=&#8220;default&#8220; custom_padding=&#8220;||40px||false|false&#8220; custom_padding_tablet=&#8220;||0px||false|false&#8220; custom_padding_phone=&#8220;||0px||false|false&#8220; global_colors_info=&#8220;{}&#8220;][et_pb_column type=&#8220;1_3&#8243; _builder_version=&#8220;4.21.0&#8243; _module_preset=&#8220;default&#8220; global_colors_info=&#8220;{}&#8220;][et_pb_blurb title=&#8220;Sicherheitsbewusstsein&#8220; content_max_width=&#8220;100%&#8220; _builder_version=&#8220;4.27.2&#8243; _module_preset=&#8220;default&#8220; header_level=&#8220;h3&#8243; header_font=&#8220;|600|||||||&#8220; header_text_color=&#8220;#c937e6&#8243; header_font_size=&#8220;24px&#8220; header_line_height=&#8220;1.4em&#8220; body_text_color=&#8220;#63527a&#8220; custom_padding=&#8220;||20px||false|false&#8220; custom_css_blurb_title=&#8220;padding-bottom:15px;&#8220; global_colors_info=&#8220;{}&#8220;]<\/p> <p>Alle unsere Kollegen m\u00fcssen eine Schulung zur Informationssicherheit absolvieren. Au\u00dferdem nehmen wir mehrmals im Jahr an zus\u00e4tzlichen Schulungen teil. <\/p> <p>[\/et_pb_blurb][\/et_pb_column][et_pb_column type=&#8220;1_3&#8243; _builder_version=&#8220;4.21.0&#8243; _module_preset=&#8220;default&#8220; global_colors_info=&#8220;{}&#8220;][et_pb_blurb title=&#8220;Vorf\u00e4lle&#8220; content_max_width=&#8220;100%&#8220; _builder_version=&#8220;4.27.2&#8243; _module_preset=&#8220;default&#8220; header_level=&#8220;h3&#8243; header_font=&#8220;|600|||||||&#8220; header_text_color=&#8220;#c937e6&#8243; header_font_size=&#8220;24px&#8220; header_line_height=&#8220;1.4em&#8220; body_text_color=&#8220;#63527a&#8220; custom_padding=&#8220;||20px||false|false&#8220; custom_css_blurb_title=&#8220;padding-bottom:15px;&#8220; global_colors_info=&#8220;{}&#8220;]<\/p> <p>S\u00e4mtliche Informationsvorf\u00e4lle werden registriert. Wir l\u00f6sen Vorf\u00e4lle je nach Dringlichkeit und Auswirkung. Weitere Informationen finden Sie in unserem SLA. <\/p> <p>[\/et_pb_blurb][\/et_pb_column][et_pb_column type=&#8220;1_3&#8243; _builder_version=&#8220;4.21.0&#8243; _module_preset=&#8220;default&#8220; global_colors_info=&#8220;{}&#8220;][et_pb_blurb title=&#8220;Unterst\u00fctzung&#8220; content_max_width=&#8220;100%&#8220; _builder_version=&#8220;4.21.0&#8243; _module_preset=&#8220;default&#8220; header_level=&#8220;h3&#8243; header_font=&#8220;|600|||||||&#8220; header_text_color=&#8220;#c937e6&#8243; header_font_size=&#8220;24px&#8220; header_line_height=&#8220;1.4em&#8220; body_text_color=&#8220;#63527a&#8220; custom_css_blurb_title=&#8220;padding-bottom:15px;&#8220; global_colors_info=&#8220;{}&#8220;]<\/p> <p>Alle Learned-Benutzer k\u00f6nnen bei Fragen und\/oder Zwischenf\u00e4llen in Echtzeit mit unserem Support-Team chatten. Weitere Informationen finden Sie in unserem SLA.<\/p> <p>[\/et_pb_blurb][\/et_pb_column][\/et_pb_row][et_pb_row column_structure=&#8220;1_3,1_3,1_3&#8243; use_custom_gutter=&#8220;on&#8220; gutter_width=&#8220;2&#8243; custom_padding_last_edited=&#8220;off|desktop&#8220; _builder_version=&#8220;4.24.0&#8243; _module_preset=&#8220;default&#8220; custom_margin=&#8220;||||false|false&#8220; custom_margin_tablet=&#8220;||50px||false|false&#8220; custom_margin_phone=&#8220;||0px||false|false&#8220; custom_margin_last_edited=&#8220;on|phone&#8220; custom_padding=&#8220;||||false|false&#8220; custom_padding_tablet=&#8220;||0px||false|false&#8220; custom_padding_phone=&#8220;||0px||false|false&#8220; global_colors_info=&#8220;{}&#8220;][et_pb_column type=&#8220;1_3&#8243; _builder_version=&#8220;4.21.0&#8243; _module_preset=&#8220;default&#8220; global_colors_info=&#8220;{}&#8220;][et_pb_blurb title=&#8220;Daten exportieren&#8220; content_max_width=&#8220;100%&#8220; _builder_version=&#8220;4.21.0&#8243; _module_preset=&#8220;default&#8220; header_level=&#8220;h3&#8243; header_font=&#8220;|600|||||||&#8220; header_text_color=&#8220;#c937e6&#8243; header_font_size=&#8220;24px&#8220; header_line_height=&#8220;1.4em&#8220; body_text_color=&#8220;#63527a&#8220; custom_css_blurb_title=&#8220;padding-bottom:15px;&#8220; global_colors_info=&#8220;{}&#8220;]<\/p> <p>Kunden k\u00f6nnen ihre Daten jederzeit aus der Plattform exportieren, in CSV oder PDF, ohne dass Learned eingreifen muss. Teil unseres SLA ist ein Ausstiegsverfahren. <\/p> <p>[\/et_pb_blurb][\/et_pb_column][et_pb_column type=&#8220;1_3&#8243; _builder_version=&#8220;4.21.0&#8243; _module_preset=&#8220;default&#8220; global_colors_info=&#8220;{}&#8220;][et_pb_blurb title=&#8220;Pen-Test&#8220; content_max_width=&#8220;100%&#8220; _builder_version=&#8220;4.27.4&#8243; _module_preset=&#8220;default&#8220; header_level=&#8220;h3&#8243; header_font=&#8220;|600|||||||&#8220; header_text_color=&#8220;#c937e6&#8243; header_font_size=&#8220;24px&#8220; header_line_height=&#8220;1.4em&#8220; body_text_color=&#8220;#63527a&#8220; custom_padding=&#8220;||20px||false|false&#8220; custom_css_blurb_title=&#8220;padding-bottom:15px;&#8220; locked=&#8220;off&#8220; global_colors_info=&#8220;{}&#8220;]<\/p> <p>Mindestens einmal im Jahr f\u00fchrt eine externe Partei einen Pen-Test auf der Learned-Plattform durch.<\/p> <p>[\/et_pb_blurb][\/et_pb_column][et_pb_column type=&#8220;1_3&#8243; _builder_version=&#8220;4.21.0&#8243; _module_preset=&#8220;default&#8220; global_colors_info=&#8220;{}&#8220;][\/et_pb_column][\/et_pb_row][\/et_pb_section]<\/p>","protected":false},"excerpt":{"rendered":"<p>Sicherheit &amp; DatenschutzDie Daten Ihrer Mitarbeiter sind bei uns sicherDie Daten, die wir in Learned verarbeiten, werden nach den h\u00f6chsten Sicherheitsvorschriften in Deutschland auf der Google Cloud Platform gespeichert. Wir arbeiten von den Niederlanden aus, sind ISO27001-zertifiziert, AVG-konform und f\u00fchren mindestens einmal im Jahr Penetrationstests auf unserer Plattform durch. Allgemeine InformationenLearned ist von TUV Netherlands [&hellip;]<\/p>\n","protected":false},"author":1,"featured_media":0,"parent":0,"menu_order":0,"comment_status":"closed","ping_status":"closed","template":"","meta":{"_acf_changed":false,"_et_pb_use_builder":"on","_et_pb_old_content":"","_et_gb_content_width":"","footnotes":""},"class_list":["post-14287228","page","type-page","status-publish","hentry"],"acf":[],"aioseo_notices":[],"_links":{"self":[{"href":"https:\/\/staging.learned.io\/de\/wp-json\/wp\/v2\/pages\/14287228","targetHints":{"allow":["GET"]}}],"collection":[{"href":"https:\/\/staging.learned.io\/de\/wp-json\/wp\/v2\/pages"}],"about":[{"href":"https:\/\/staging.learned.io\/de\/wp-json\/wp\/v2\/types\/page"}],"author":[{"embeddable":true,"href":"https:\/\/staging.learned.io\/de\/wp-json\/wp\/v2\/users\/1"}],"replies":[{"embeddable":true,"href":"https:\/\/staging.learned.io\/de\/wp-json\/wp\/v2\/comments?post=14287228"}],"version-history":[{"count":33,"href":"https:\/\/staging.learned.io\/de\/wp-json\/wp\/v2\/pages\/14287228\/revisions"}],"predecessor-version":[{"id":14321855,"href":"https:\/\/staging.learned.io\/de\/wp-json\/wp\/v2\/pages\/14287228\/revisions\/14321855"}],"wp:attachment":[{"href":"https:\/\/staging.learned.io\/de\/wp-json\/wp\/v2\/media?parent=14287228"}],"curies":[{"name":"wp","href":"https:\/\/api.w.org\/{rel}","templated":true}]}}