


{"id":14289006,"date":"2025-10-10T13:50:46","date_gmt":"2025-10-10T12:50:46","guid":{"rendered":"https:\/\/staging.learned.io\/return-on-investment\/"},"modified":"2025-10-31T13:46:28","modified_gmt":"2025-10-31T12:46:28","slug":"return-on-investment","status":"publish","type":"page","link":"https:\/\/staging.learned.io\/de\/return-on-investment\/","title":{"rendered":"Return on investment"},"content":{"rendered":"<p>[et_pb_section fb_built=&#8220;1&#8243; admin_label=&#8220;Section&#8220; _builder_version=&#8220;4.27.2&#8243; _module_preset=&#8220;default&#8220; background_color=&#8220;#63527a&#8220; custom_margin=&#8220;24px||||false|false&#8220; custom_padding=&#8220;80px||80px||false|false&#8220; locked=&#8220;off&#8220; global_colors_info=&#8220;{}&#8220;][et_pb_row column_structure=&#8220;1_2,1_2&#8243; _builder_version=&#8220;4.27.2&#8243; _module_preset=&#8220;default&#8220; custom_padding=&#8220;0px||||false|false&#8220; global_colors_info=&#8220;{}&#8220;][et_pb_column type=&#8220;1_2&#8243; _builder_version=&#8220;4.27.2&#8243; _module_preset=&#8220;default&#8220; global_colors_info=&#8220;{}&#8220;][et_pb_text _builder_version=&#8220;4.27.4&#8243; _module_preset=&#8220;default&#8220; text_text_color=&#8220;#FFFFFF&#8220; text_font_size=&#8220;18px&#8220; locked=&#8220;off&#8220; global_colors_info=&#8220;{}&#8220;]<\/p> <p>Return on investment<\/p> <p>[\/et_pb_text][et_pb_text module_class=&#8220;title&#8220; _builder_version=&#8220;4.27.4&#8243; _module_preset=&#8220;default&#8220; text_line_height=&#8220;1.5em&#8220; header_font=&#8220;Poppins|700|||||||&#8220; header_text_align=&#8220;center&#8220; header_text_color=&#8220;#FFFFFF&#8220; header_font_size=&#8220;49px&#8220; header_line_height=&#8220;125%&#8220; width=&#8220;100%&#8220; width_tablet=&#8220;100%&#8220; width_phone=&#8220;100%&#8220; width_last_edited=&#8220;on|phone&#8220; module_alignment=&#8220;left&#8220; custom_margin=&#8220;0px||||false|false&#8220; custom_padding=&#8220;||15px||false|false&#8220; animation_direction=&#8220;left&#8220; header_font_size_tablet=&#8220;35px&#8220; header_font_size_phone=&#8220;40px&#8220; header_font_size_last_edited=&#8220;on|phone&#8220; locked=&#8220;off&#8220; global_colors_info=&#8220;{}&#8220;]<\/p> <h1 style=\"text-align: left;\">Berechnen Sie den ROI f\u00fcr Ihr Unternehmen<\/h1> <p>[\/et_pb_text][et_pb_text _builder_version=&#8220;4.27.4&#8243; _module_preset=&#8220;default&#8220; text_text_color=&#8220;#FFFFFF&#8220; header_text_color=&#8220;#FFFFFF&#8220; width=&#8220;90%&#8220; module_alignment=&#8220;left&#8220; custom_margin=&#8220;0px||||false|false&#8220; locked=&#8220;off&#8220; global_colors_info=&#8220;{}&#8220;]<\/p> <p><span style=\"font-weight: 400;\">Mit Learned bieten Sie Raum f\u00fcr Entwicklung durch einen besseren und intelligenteren Bewertungsprozess. Sie reduzieren nicht nur die Fluktuation und die Fehlzeiten, sondern sparen der Personalabteilung und den Managern auch eine Menge Zeit. Sie k\u00f6nnen bis zu \u20ac218.000 pro Jahr sparen.  <\/span><\/p> <p>[\/et_pb_text][et_pb_button button_url=&#8220;#download&#8220; button_text=&#8220;Berechnen Sie Ihren ROI&#8220; _builder_version=&#8220;4.27.4&#8243; _module_preset=&#8220;default&#8220; custom_button=&#8220;on&#8220; button_text_size=&#8220;16px&#8220; custom_margin=&#8220;24px||||false|false&#8220; global_colors_info=&#8220;{}&#8220;][\/et_pb_button][\/et_pb_column][et_pb_column type=&#8220;1_2&#8243; _builder_version=&#8220;4.27.2&#8243; _module_preset=&#8220;default&#8220; global_colors_info=&#8220;{}&#8220;][et_pb_image src=&#8220;https:\/\/staging.learned.io\/wp-content\/uploads\/2024\/11\/Header-ROI-berekenen-2-1.png&#8220; alt=&#8220;Learned&#8220; title_text=&#8220;Berechnung des ROI f\u00fcr Kopfzeilen&#8220; _builder_version=&#8220;4.27.3&#8243; _module_preset=&#8220;default&#8220; width=&#8220;80%&#8220; width_tablet=&#8220;85%&#8220; width_phone=&#8220;95%&#8220; width_last_edited=&#8220;on|desktop&#8220; module_alignment=&#8220;center&#8220; min_height_tablet=&#8220;520px&#8220; min_height_phone=&#8220;285px&#8220; min_height_last_edited=&#8220;on|phone&#8220; custom_margin_last_edited=&#8220;off|phone&#8220; custom_padding_tablet=&#8220;25px||||false|false&#8220; custom_padding_phone=&#8220;25px||||false|false&#8220; custom_padding_last_edited=&#8220;on|tablet&#8220; global_colors_info=&#8220;{}&#8220;][\/et_pb_image][\/et_pb_column][\/et_pb_row][\/et_pb_section][et_pb_section fb_built=&#8220;1&#8243; custom_padding_last_edited=&#8220;on|desktop&#8220; _builder_version=&#8220;4.27.3&#8243; _module_preset=&#8220;default&#8220; background_color=&#8220;#fdf2ed&#8220; background_enable_image=&#8220;off&#8220; background_size=&#8220;custom&#8220; background_image_width=&#8220;56%&#8220; background_position=&#8220;top_left&#8220; background_vertical_offset=&#8220;100%&#8220; custom_margin=&#8220;||||false|false&#8220; custom_padding=&#8220;80px||120px||false|false&#8220; custom_padding_tablet=&#8220;24px||||false|false&#8220; custom_padding_phone=&#8220;20px||||false|false&#8220; background_last_edited=&#8220;on|phone&#8220; background_image_phone=&#8220;https:\/\/staging.learned.io\/wp-content\/uploads\/2024\/10\/Desktop-76-2.png&#8220; background_enable_image_phone=&#8220;off&#8220; background_image_width_phone=&#8220;89%&#8220; locked=&#8220;off&#8220; global_colors_info=&#8220;{}&#8220;][et_pb_row column_structure=&#8220;1_2,1_2&#8243; use_custom_gutter=&#8220;on&#8220; _builder_version=&#8220;4.27.4&#8243; _module_preset=&#8220;default&#8220; module_alignment=&#8220;center&#8220; custom_margin=&#8220;||||false|false&#8220; custom_padding=&#8220;||80px||false|false&#8220; locked=&#8220;off&#8220; global_colors_info=&#8220;{}&#8220;][et_pb_column type=&#8220;1_2&#8243; _builder_version=&#8220;4.27.2&#8243; _module_preset=&#8220;default&#8220; custom_padding=&#8220;|10%|||false|false&#8220; custom_padding_tablet=&#8220;|10%|||false|false&#8220; custom_padding_phone=&#8220;|0%|||false|false&#8220; custom_padding_last_edited=&#8220;on|phone&#8220; global_colors_info=&#8220;{}&#8220;][et_pb_text _builder_version=&#8220;4.27.4&#8243; _module_preset=&#8220;default&#8220; header_font=&#8220;|700|||||||&#8220; header_text_color=&#8220;#2a2334&#8243; header_font_size=&#8220;45px&#8220; header_2_font=&#8220;||||||||&#8220; header_2_text_color=&#8220;#2a2334&#8243; header_2_font_size=&#8220;40px&#8220; header_3_font_size=&#8220;40px&#8220; custom_margin=&#8220;72px||||false|false&#8220; custom_margin_tablet=&#8220;0px||||false|false&#8220; custom_margin_phone=&#8220;0px||||false|false&#8220; custom_margin_last_edited=&#8220;on|phone&#8220; header_2_font_size_tablet=&#8220;37px&#8220; header_2_font_size_phone=&#8220;27px&#8220; header_2_font_size_last_edited=&#8220;on|phone&#8220; header_3_font_size_tablet=&#8220;40px&#8220; header_3_font_size_phone=&#8220;27px&#8220; header_3_font_size_last_edited=&#8220;on|phone&#8220; global_colors_info=&#8220;{}&#8220;]<\/p> <h2>Konkrete Auswirkungen, untermauert durch Daten<\/h2> <p>[\/et_pb_text][et_pb_text _builder_version=&#8220;4.27.4&#8243; _module_preset=&#8220;default&#8220; text_text_color=&#8220;#63527a&#8220; text_line_height=&#8220;1.6em&#8220; custom_margin=&#8220;16px||||false|false&#8220; text_font_size_tablet=&#8220;18px&#8220; text_font_size_phone=&#8220;16px&#8220; text_font_size_last_edited=&#8220;off|desktop&#8220; background_image_phone=&#8220;https:\/\/staging.learned.io\/wp-content\/uploads\/2024\/10\/Desktop-76-2.png&#8220; background_enable_image_phone=&#8220;on&#8220; background_image_width_phone=&#8220;89%&#8220; global_colors_info=&#8220;{}&#8220;]<\/p> <p><span style=\"font-weight: 400;\">Diese Einsparungen basieren auf einer Organisation mit 100 Vollzeitbesch\u00e4ftigten, einem Jahresumsatz von 10 Millionen Euro und einem durchschnittlichen Jahresgehalt von 48.000 Euro.<\/span><\/p> <p><span style=\"font-weight: 400;\">Wo ist die Ersparnis darin?<\/span><\/p> <ul> <li style=\"font-weight: 400;\" aria-level=\"1\"><span style=\"font-weight: 400;\">92.388 \u20ac weniger Kosten aufgrund von Fehlzeiten und Burnout<\/span><\/li> <li style=\"font-weight: 400;\" aria-level=\"1\"><span style=\"font-weight: 400;\">45.239 \u20ac niedrigere Kosten aufgrund des geringeren Umsatzes<\/span><\/li> <li style=\"font-weight: 400;\" aria-level=\"1\"><span style=\"font-weight: 400;\">42.102 \u20ac Zeitersparnis f\u00fcr Manager und HR<\/span><\/li> <li style=\"font-weight: 400;\" aria-level=\"1\"><span style=\"font-weight: 400;\">38.000 \u20ac weniger Belastung durch leistungsschwache Mitarbeiter<\/span><\/li> <\/ul> <p>[\/et_pb_text][\/et_pb_column][et_pb_column type=&#8220;1_2&#8243; _builder_version=&#8220;4.27.2&#8243; _module_preset=&#8220;default&#8220; global_colors_info=&#8220;{}&#8220;][et_pb_image src=&#8220;https:\/\/staging.learned.io\/wp-content\/uploads\/2025\/06\/Return-on-investment-DE.png&#8220; alt=&#8220;return-on-investment-DE&#8220; title_text=&#8220;Return on investment DE&#8220; align=&#8220;center&#8220; src_last_edited=&#8220;off|phone&#8220; _builder_version=&#8220;4.27.4&#8243; _module_preset=&#8220;default&#8220; width=&#8220;85%&#8220; width_tablet=&#8220;85%&#8220; width_phone=&#8220;95%&#8220; width_last_edited=&#8220;on|phone&#8220; min_height_tablet=&#8220;458px&#8220; min_height_phone=&#8220;250px&#8220; min_height_last_edited=&#8220;on|tablet&#8220; custom_margin=&#8220;80px|||||&#8220; global_colors_info=&#8220;{}&#8220;][\/et_pb_image][\/et_pb_column][\/et_pb_row][et_pb_row column_structure=&#8220;1_2,1_2&#8243; use_custom_gutter=&#8220;on&#8220; _builder_version=&#8220;4.27.3&#8243; _module_preset=&#8220;default&#8220; module_alignment=&#8220;center&#8220; custom_margin=&#8220;||||false|false&#8220; custom_padding=&#8220;||||false|false&#8220; locked=&#8220;off&#8220; global_colors_info=&#8220;{}&#8220;][et_pb_column type=&#8220;1_2&#8243; _builder_version=&#8220;4.27.2&#8243; _module_preset=&#8220;default&#8220; custom_padding=&#8220;||||false|false&#8220; custom_padding_tablet=&#8220;||||false|false&#8220; custom_padding_phone=&#8220;|0%|||false|false&#8220; custom_padding_last_edited=&#8220;on|phone&#8220; global_colors_info=&#8220;{}&#8220;][et_pb_image src=&#8220;https:\/\/staging.learned.io\/wp-content\/uploads\/2024\/11\/Business-model-op-maat-ronde-vorm-1.png&#8220; alt=&#8220;Learned&#8220; title_text=&#8220;Ma\u00dfgeschneidertes Gesch\u00e4ftsmodell&#8220; align=&#8220;center&#8220; disabled_on=&#8220;on|on|off&#8220; _builder_version=&#8220;4.27.4&#8243; _module_preset=&#8220;default&#8220; width=&#8220;85%&#8220; width_tablet=&#8220;85%&#8220; width_phone=&#8220;auto&#8220; width_last_edited=&#8220;on|phone&#8220; global_colors_info=&#8220;{}&#8220;][\/et_pb_image][\/et_pb_column][et_pb_column type=&#8220;1_2&#8243; _builder_version=&#8220;4.23&#8243; _module_preset=&#8220;default&#8220; custom_padding=&#8220;|||10%|false|false&#8220; custom_padding_tablet=&#8220;|||0%|false|false&#8220; custom_padding_phone=&#8220;|||0%|false|false&#8220; custom_padding_last_edited=&#8220;on|tablet&#8220; global_colors_info=&#8220;{}&#8220;][et_pb_text _builder_version=&#8220;4.27.4&#8243; _module_preset=&#8220;default&#8220; header_font=&#8220;|700|||||||&#8220; header_text_color=&#8220;#2a2334&#8243; header_font_size=&#8220;45px&#8220; header_2_font=&#8220;||||||||&#8220; header_2_text_color=&#8220;#2a2334&#8243; header_2_font_size=&#8220;40px&#8220; header_3_font_size=&#8220;40px&#8220; custom_margin=&#8220;72px||||false|false&#8220; custom_margin_tablet=&#8220;0px||||false|false&#8220; custom_margin_phone=&#8220;0px||||false|false&#8220; custom_margin_last_edited=&#8220;on|phone&#8220; header_2_font_size_tablet=&#8220;37px&#8220; header_2_font_size_phone=&#8220;27px&#8220; header_2_font_size_last_edited=&#8220;on|phone&#8220; header_3_font_size_tablet=&#8220;40px&#8220; header_3_font_size_phone=&#8220;27px&#8220; header_3_font_size_last_edited=&#8220;on|phone&#8220; global_colors_info=&#8220;{}&#8220;]<\/p> <h2>Ein ma\u00dfgeschneiderter Business Case f\u00fcr Ihr Unternehmen<\/h2> <p>[\/et_pb_text][et_pb_text _builder_version=&#8220;4.27.4&#8243; _module_preset=&#8220;default&#8220; text_text_color=&#8220;#63527a&#8220; text_line_height=&#8220;1.6em&#8220; custom_margin=&#8220;16px||||false|false&#8220; text_font_size_tablet=&#8220;18px&#8220; text_font_size_phone=&#8220;16px&#8220; text_font_size_last_edited=&#8220;on|desktop&#8220; global_colors_info=&#8220;{}&#8220;]<\/p> <p><span style=\"font-weight: 400;\">Wir berechnen Ihre potenziellen Einsparungen auf der Grundlage von Dutzenden von Implementierungen bei Organisationen in einer Vielzahl von Sektoren. Seit Learned begonnen hat, \u00fcberwachen wir strukturell die Ertr\u00e4ge, die unsere Kunden erzielen. <\/span><\/p> <p>[\/et_pb_text][et_pb_button button_url=&#8220;@ET-DC@eyJkeW5hbWljIjp0cnVlLCJjb250ZW50IjoicG9zdF9saW5rX3VybF9wYWdlIiwic2V0dGluZ3MiOnsicG9zdF9pZCI6IjE0Mjk1MzA4IiwiZW5hYmxlX2h0bWwiOiJvZmYifX0=@&#8220; button_text=&#8220;Planen Sie eine Demo&#8220; button_alignment=&#8220;left&#8220; disabled_on=&#8220;off|off|off&#8220; _builder_version=&#8220;4.27.4&#8243; _dynamic_attributes=&#8220;button_url&#8220; _module_preset=&#8220;default&#8220; custom_button=&#8220;on&#8220; button_text_size=&#8220;16px&#8220; custom_margin=&#8220;24px||||false|false&#8220; custom_margin_tablet=&#8220;&#8220; custom_margin_phone=&#8220;&#8220; custom_margin_last_edited=&#8220;on|phone&#8220; custom_padding=&#8220;||||false|false&#8220; locked=&#8220;off&#8220; global_colors_info=&#8220;{}&#8220;][\/et_pb_button][et_pb_image src=&#8220;https:\/\/staging.learned.io\/wp-content\/uploads\/2024\/11\/Business-model-op-maat-ronde-vorm-1.png&#8220; alt=&#8220;Learned&#8220; title_text=&#8220;Ma\u00dfgeschneidertes Gesch\u00e4ftsmodell&#8220; align=&#8220;center&#8220; src_last_edited=&#8220;off|phone&#8220; disabled_on=&#8220;off|off|on&#8220; _builder_version=&#8220;4.27.4&#8243; _module_preset=&#8220;default&#8220; width=&#8220;85%&#8220; width_tablet=&#8220;85%&#8220; width_phone=&#8220;95%&#8220; width_last_edited=&#8220;on|phone&#8220; min_height_tablet=&#8220;522px&#8220; min_height_phone=&#8220;285px&#8220; min_height_last_edited=&#8220;on|tablet&#8220; locked=&#8220;off&#8220; global_colors_info=&#8220;{}&#8220;][\/et_pb_image][\/et_pb_column][\/et_pb_row][\/et_pb_section][et_pb_section fb_built=&#8220;1&#8243; disabled_on=&#8220;off|off|off&#8220; _builder_version=&#8220;4.27.2&#8243; _module_preset=&#8220;default&#8220; background_color=&#8220;#380842&#8243; custom_padding=&#8220;80px||86px||false|false&#8220; saved_tabs=&#8220;all&#8220; locked=&#8220;off&#8220; global_colors_info=&#8220;{}&#8220;][et_pb_row _builder_version=&#8220;4.27.2&#8243; _module_preset=&#8220;default&#8220; width=&#8220;70%&#8220; max_width=&#8220;1936px&#8220; custom_margin=&#8220;0px||0px||false|false&#8220; custom_padding=&#8220;0px||0px||false|false&#8220; locked=&#8220;off&#8220; global_colors_info=&#8220;{}&#8220;][et_pb_column type=&#8220;4_4&#8243; _builder_version=&#8220;4.27.2&#8243; _module_preset=&#8220;default&#8220; global_colors_info=&#8220;{}&#8220;][et_pb_text _builder_version=&#8220;4.27.4&#8243; _module_preset=&#8220;default&#8220; text_text_color=&#8220;#FFFFFF&#8220; text_font_size=&#8220;89%&#8220; header_2_text_color=&#8220;#FFFFFF&#8220; header_2_font_size=&#8220;48px&#8220; text_orientation=&#8220;center&#8220; header_2_font_size_tablet=&#8220;45px&#8220; header_2_font_size_phone=&#8220;35px&#8220; header_2_font_size_last_edited=&#8220;on|phone&#8220; global_colors_info=&#8220;{}&#8220;]<\/p> <h2 style=\"text-align: center;\">Unternehmen, die Learned verwenden, sehen diese intelligenteren Ergebnisse:<\/h2> <p>[\/et_pb_text][\/et_pb_column][\/et_pb_row][et_pb_row column_structure=&#8220;1_4,1_4,1_4,1_4&#8243; _builder_version=&#8220;4.27.2&#8243; _module_preset=&#8220;default&#8220; custom_padding=&#8220;60px||||false|false&#8220; global_colors_info=&#8220;{}&#8220;][et_pb_column type=&#8220;1_4&#8243; _builder_version=&#8220;4.27.2&#8243; _module_preset=&#8220;default&#8220; global_colors_info=&#8220;{}&#8220;][et_pb_number_counter title=&#8220;weniger Umsatz&#8220; number=&#8220;14&#8243; _builder_version=&#8220;4.27.4&#8243; _module_preset=&#8220;default&#8220; title_text_color=&#8220;#FFFFFF&#8220; title_font_size=&#8220;14px&#8220; number_text_color=&#8220;#FFFFFF&#8220; number_font_size=&#8220;50px&#8220; custom_padding=&#8220;||||false|false&#8220; global_colors_info=&#8220;{}&#8220;][\/et_pb_number_counter][\/et_pb_column][et_pb_column type=&#8220;1_4&#8243; _builder_version=&#8220;4.27.2&#8243; _module_preset=&#8220;default&#8220; custom_padding=&#8220;||||false|false&#8220; custom_padding_tablet=&#8220;||||false|false&#8220; custom_padding_phone=&#8220;||||false|false&#8220; custom_padding_last_edited=&#8220;off|desktop&#8220; global_colors_info=&#8220;{}&#8220;][et_pb_number_counter title=&#8220;mehr internes Wachstum&#8220; number=&#8220;128&#8243; admin_label=&#8220;Number Counter&#8220; _builder_version=&#8220;4.27.4&#8243; _module_preset=&#8220;default&#8220; title_text_color=&#8220;#FFFFFF&#8220; title_font_size=&#8220;14px&#8220; number_text_color=&#8220;#FFFFFF&#8220; number_font_size=&#8220;50px&#8220; custom_padding=&#8220;||||false|false&#8220; custom_padding_phone=&#8220;||||false|false&#8220; custom_padding_last_edited=&#8220;off|phone&#8220; global_colors_info=&#8220;{}&#8220;][\/et_pb_number_counter][\/et_pb_column][et_pb_column type=&#8220;1_4&#8243; disabled_on=&#8220;on|on|off&#8220; _builder_version=&#8220;4.27.2&#8243; _module_preset=&#8220;default&#8220; global_colors_info=&#8220;{}&#8220;][et_pb_number_counter title=&#8220;pro Manager und Jahr eingespart&#8220; number=&#8220;32 Stunden&#8220; percent_sign=&#8220;off&#8220; _builder_version=&#8220;4.27.4&#8243; _module_preset=&#8220;default&#8220; title_text_color=&#8220;#FFFFFF&#8220; title_font_size=&#8220;14px&#8220; number_text_color=&#8220;#FFFFFF&#8220; number_font_size=&#8220;50px&#8220; global_colors_info=&#8220;{}&#8220;][\/et_pb_number_counter][\/et_pb_column][et_pb_column type=&#8220;1_4&#8243; disabled_on=&#8220;on|on|off&#8220; _builder_version=&#8220;4.27.2&#8243; _module_preset=&#8220;default&#8220; global_colors_info=&#8220;{}&#8220;][et_pb_number_counter title=&#8220;mehr Zufriedenheit&#8220; number=&#8220;18&#8243; _builder_version=&#8220;4.27.4&#8243; _module_preset=&#8220;default&#8220; title_text_color=&#8220;#FFFFFF&#8220; title_font_size=&#8220;14px&#8220; number_text_color=&#8220;#FFFFFF&#8220; number_font_size=&#8220;50px&#8220; global_colors_info=&#8220;{}&#8220;][\/et_pb_number_counter][\/et_pb_column][\/et_pb_row][\/et_pb_section][et_pb_section fb_built=&#8220;1&#8243; admin_label=&#8220;Section&#8220; module_id=&#8220;herunterladen&#8220; _builder_version=&#8220;4.27.2&#8243; _module_preset=&#8220;default&#8220; background_color=&#8220;#FDF2ED&#8220; global_colors_info=&#8220;{}&#8220;][et_pb_row column_structure=&#8220;1_2,1_2&#8243; use_custom_gutter=&#8220;on&#8220; _builder_version=&#8220;4.27.2&#8243; _module_preset=&#8220;default&#8220; width_tablet=&#8220;80%&#8220; width_phone=&#8220;80%&#8220; width_last_edited=&#8220;on|desktop&#8220; module_alignment=&#8220;center&#8220; custom_margin=&#8220;||||false|false&#8220; custom_padding=&#8220;||||true|false&#8220; animation_direction=&#8220;bottom&#8220; locked=&#8220;off&#8220; global_colors_info=&#8220;{}&#8220;][et_pb_column type=&#8220;1_2&#8243; _builder_version=&#8220;4.27.2&#8243; _module_preset=&#8220;default&#8220; custom_padding=&#8220;|30px|||false|false&#8220; global_colors_info=&#8220;{}&#8220;][et_pb_text _builder_version=&#8220;4.27.4&#8243; _module_preset=&#8220;default&#8220; header_font=&#8220;|700|||||||&#8220; header_text_color=&#8220;#2a2334&#8243; header_font_size=&#8220;56px&#8220; header_2_font=&#8220;|700|||||||&#8220; header_2_text_color=&#8220;#2A2334&#8243; header_2_font_size=&#8220;48px&#8220; header_2_font_size_tablet=&#8220;37px&#8220; header_2_font_size_phone=&#8220;35px&#8220; header_2_font_size_last_edited=&#8220;on|tablet&#8220; global_colors_info=&#8220;{}&#8220;]<\/p> <h2 style=\"text-align: left;\">Berechnen Sie die Rendite f\u00fcr Ihr Unternehmen selbst?<\/h2> <p>[\/et_pb_text][et_pb_text _builder_version=&#8220;4.27.4&#8243; _module_preset=&#8220;default&#8220; text_text_color=&#8220;#63527a&#8220; text_line_height=&#8220;1.6em&#8220; header_font_size=&#8220;129%&#8220; module_alignment=&#8220;center&#8220; custom_margin=&#8220;||||false|false&#8220; custom_padding=&#8220;||||false|false&#8220; text_font_size_tablet=&#8220;18px&#8220; text_font_size_phone=&#8220;16px&#8220; text_font_size_last_edited=&#8220;off|desktop&#8220; global_colors_info=&#8220;{}&#8220;]<\/p> <p><span style=\"font-weight: 400;\">Laden Sie unseren kostenlosen ROI-Rechner herunter und entdecken Sie innerhalb von 5 Minuten, was unsere HR-Software Ihrem Unternehmen bringen kann. Sie erhalten eine \u00fcbersichtliche Excel-Tabelle, die Sie leicht selbst ausf\u00fcllen k\u00f6nnen. <\/span><\/p> <p>[\/et_pb_text][\/et_pb_column][et_pb_column type=&#8220;1_2&#8243; _builder_version=&#8220;4.27.2&#8243; _module_preset=&#8220;default&#8220; background_color=&#8220;RGBA(255,255,255,0)&#8220; custom_padding=&#8220;||||false|false&#8220; border_radii=&#8220;on|20px|20px|20px|20px&#8220; global_colors_info=&#8220;{}&#8220;][et_pb_text _builder_version=&#8220;4.27.4&#8243; _module_preset=&#8220;default&#8220; background_color=&#8220;#FFFFFF&#8220; width=&#8220;82%&#8220; width_tablet=&#8220;90%&#8220; width_phone=&#8220;100%&#8220; width_last_edited=&#8220;on|desktop&#8220; module_alignment=&#8220;right&#8220; custom_margin=&#8220;||||false|false&#8220; custom_margin_tablet=&#8220;||||false|false&#8220; custom_margin_phone=&#8220;20px||||false|false&#8220; custom_margin_last_edited=&#8220;on|desktop&#8220; custom_padding=&#8220;32px|28px|32px|28px|true|true&#8220; custom_padding_tablet=&#8220;32px|28px|32px|28px|true|true&#8220; custom_padding_phone=&#8220;32px|28px|32px|28px|true|true&#8220; custom_padding_last_edited=&#8220;on|desktop&#8220; module_alignment_tablet=&#8220;center&#8220; module_alignment_phone=&#8220;center&#8220; module_alignment_last_edited=&#8220;on|phone&#8220; border_radii=&#8220;on|20px|20px|20px|20px&#8220; global_colors_info=&#8220;{}&#8220;]<\/p>  \t\t\t\t\t\t<script>\n\t\t\t\t\t\t\twindow.hsFormsOnReady = window.hsFormsOnReady || [];\n\t\t\t\t\t\t\twindow.hsFormsOnReady.push(()=>{\n\t\t\t\t\t\t\t\thbspt.forms.create({\n\t\t\t\t\t\t\t\t\tportalId: 143197515,\n\t\t\t\t\t\t\t\t\tformId: \"82b5e2f0-4c29-474a-b9ae-ed87b3e6e986\",\n\t\t\t\t\t\t\t\t\ttarget: \"#hbspt-form-1776212065000-3250917550\",\n\t\t\t\t\t\t\t\t\tregion: \"eu1\",\n\t\t\t\t\t\t\t\t\t\n\t\t\t\t\t\t\t})});\n\t\t\t\t\t\t<\/script> \t\t\t\t\t\t<div class=\"hbspt-form\" id=\"hbspt-form-1776212065000-3250917550\"><\/div> <p>[\/et_pb_text][et_pb_code _builder_version=&#8220;4.27.4&#8243; _module_preset=&#8220;default&#8220; global_colors_info=&#8220;{}&#8220;]<script charset=\"utf-8\" type=\"text\/javascript\" src=\"\/\/js-eu1.hsforms.net\/forms\/embed\/v2.js\"><\/script><!-- [et_pb_line_break_holder] --><script><!-- [et_pb_line_break_holder] -->  hbspt.forms.create({<!-- [et_pb_line_break_holder] -->    portalId: \"143197515\",<!-- [et_pb_line_break_holder] -->    formId: \"82b5e2f0-4c29-474a-b9ae-ed87b3e6e986\"<!-- [et_pb_line_break_holder] -->    css:.hs-form  {<!-- [et_pb_line_break_holder] -->            background: #2a2334;}<!-- [et_pb_line_break_holder] -->  });<!-- [et_pb_line_break_holder] --><\/script>[\/et_pb_code][\/et_pb_column][\/et_pb_row][\/et_pb_section]<\/p>","protected":false},"excerpt":{"rendered":"<p>Return on investmentBerechnen Sie den ROI f\u00fcr Ihr UnternehmenMit Learned bieten Sie Raum f\u00fcr Entwicklung durch einen besseren und intelligenteren Bewertungsprozess. Sie reduzieren nicht nur die Fluktuation und die Fehlzeiten, sondern sparen der Personalabteilung und den Managern auch eine Menge Zeit. Sie k\u00f6nnen bis zu \u20ac218.000 pro Jahr sparen. Konkrete Auswirkungen, untermauert durch DatenDiese Einsparungen [&hellip;]<\/p>\n","protected":false},"author":1,"featured_media":0,"parent":0,"menu_order":0,"comment_status":"closed","ping_status":"closed","template":"","meta":{"_acf_changed":false,"_et_pb_use_builder":"on","_et_pb_old_content":"","_et_gb_content_width":"","content-type":"","footnotes":""},"class_list":["post-14289006","page","type-page","status-publish","hentry"],"acf":[],"aioseo_notices":[],"_links":{"self":[{"href":"https:\/\/staging.learned.io\/de\/wp-json\/wp\/v2\/pages\/14289006","targetHints":{"allow":["GET"]}}],"collection":[{"href":"https:\/\/staging.learned.io\/de\/wp-json\/wp\/v2\/pages"}],"about":[{"href":"https:\/\/staging.learned.io\/de\/wp-json\/wp\/v2\/types\/page"}],"author":[{"embeddable":true,"href":"https:\/\/staging.learned.io\/de\/wp-json\/wp\/v2\/users\/1"}],"replies":[{"embeddable":true,"href":"https:\/\/staging.learned.io\/de\/wp-json\/wp\/v2\/comments?post=14289006"}],"version-history":[{"count":36,"href":"https:\/\/staging.learned.io\/de\/wp-json\/wp\/v2\/pages\/14289006\/revisions"}],"predecessor-version":[{"id":14321854,"href":"https:\/\/staging.learned.io\/de\/wp-json\/wp\/v2\/pages\/14289006\/revisions\/14321854"}],"wp:attachment":[{"href":"https:\/\/staging.learned.io\/de\/wp-json\/wp\/v2\/media?parent=14289006"}],"curies":[{"name":"wp","href":"https:\/\/api.w.org\/{rel}","templated":true}]}}