


{"id":14307357,"date":"2024-07-24T11:06:35","date_gmt":"2024-07-24T10:06:35","guid":{"rendered":"https:\/\/staging.learned.io\/erklaerung-zum-datenschutz\/"},"modified":"2025-11-17T16:58:52","modified_gmt":"2025-11-17T15:58:52","slug":"erklaerung-zum-datenschutz","status":"publish","type":"page","link":"https:\/\/staging.learned.io\/de\/erklaerung-zum-datenschutz\/","title":{"rendered":"Erkl\u00e4rung zum Datenschutz"},"content":{"rendered":"<p>[et_pb_section fb_built=&#8220;1&#8243; custom_padding_last_edited=&#8220;on|tablet&#8220; disabled_on=&#8220;off|off|off&#8220; _builder_version=&#8220;4.27.4&#8243; _module_preset=&#8220;default&#8220; background_color=&#8220;#FDF2ED&#8220; custom_margin=&#8220;25px||||false|false&#8220; custom_padding=&#8220;80px||80px||false|false&#8220; custom_padding_tablet=&#8220;20px||||false|false&#8220; custom_padding_phone=&#8220;||0px||false|false&#8220; global_colors_info=&#8220;{}&#8220;][et_pb_row _builder_version=&#8220;4.21.0&#8243; _module_preset=&#8220;default&#8220; module_alignment=&#8220;center&#8220; custom_margin=&#8220;|auto||0px||&#8220; global_colors_info=&#8220;{}&#8220;][et_pb_column type=&#8220;4_4&#8243; _builder_version=&#8220;4.19.4&#8243; _module_preset=&#8220;default&#8220; global_colors_info=&#8220;{}&#8220;][et_pb_text _builder_version=&#8220;4.22.1&#8243; _module_preset=&#8220;default&#8220; global_colors_info=&#8220;{}&#8220;]<\/p> <h1>Erkl\u00e4rung zum Datenschutz<\/h1> <p>[\/et_pb_text][et_pb_text _builder_version=&#8220;4.27.4&#8243; _module_preset=&#8220;default&#8220; header_2_font_size=&#8220;21px&#8220; global_colors_info=&#8220;{}&#8220;]<\/p> <h2><\/h2> <h2>1. Einf\u00fchrung<\/h2> <p>Ihre Privatsph\u00e4re ist uns wichtig. Learned B.V. (&#8222;Learned&#8220;, &#8222;wir&#8220;) legt gro\u00dfen Wert auf den sorgf\u00e4ltigen Umgang mit personenbezogenen Daten. In dieser Datenschutzerkl\u00e4rung erl\u00e4utern wir, welche personenbezogenen Daten wir \u00fcber unsere Website (www.learned.io) verarbeiten, zu welchen Zwecken und wie wir sie sichern. Learned handelt hiermit in \u00dcbereinstimmung mit der Datenschutz-Grundverordnung (DSGVO). Diese Erkl\u00e4rung bezieht sich ausschlie\u00dflich auf die Nutzung unserer Website und Marketingaktivit\u00e4ten. Die Verarbeitung personenbezogener Daten innerhalb der Learned-Plattform wird durch den Auftragsverarbeitungsvertrag zwischen Learned und seinen Kunden geregelt.<\/p> <p>&nbsp;<\/p> <h2>2. Wer ist f\u00fcr die Verarbeitung Ihrer Daten verantwortlich?<\/h2> <p>Learned B.V.<br \/>Niederl\u00e4ndische Handelsregisternummer: 73218957<br \/>E-Mail: privacy@learned.io<br \/>Website: <a href=\"http:\/\/www.learned.io\">www.learned.io<\/a><\/p> <p>&nbsp;<\/p> <h2>3. Pers\u00f6nliche Daten, die wir verarbeiten<\/h2> <p>Wir erheben personenbezogene Daten, wenn Sie:<br \/>\u25cf ein Formular auf unserer Website ausf\u00fcllen (z. B. eine Demo oder eine Kontaktanfrage);<br \/>\u25cf unseren Newsletter oder ein Webinar abonnieren;<br \/>\u25cf Inhalte wie E-Guides, Videos oder Tools herunterladen;<br \/>\u25cf uns per E-Mail oder Telefon kontaktieren.<\/p> <p>Die personenbezogenen Daten, die wir dabei verarbeiten k\u00f6nnen, sind:<br \/>\u25cf Name und Kontaktangaben (E-Mail, Telefonnummer, Organisation);<br \/>\u25cf Stelle und Firmenname;<br \/>\u25cf Kommunikationsinhalt (z.B. Nachricht oder Frage);<br \/>\u25cf technische Daten \u00fcber Ihren Website-Besuch (wie IP-Adresse, Browsertyp, Uhrzeit,<br \/>Klickverhalten &#8211; nur \u00fcber Cookies, siehe Abschnitt 7).<\/p> <p>Sie sind nie verpflichtet, diese Daten anzugeben, aber ohne sie<br \/>k\u00f6nnen wir Ihnen m\u00f6glicherweise nicht den gew\u00fcnschten Service oder die gew\u00fcnschten Informationen anbieten.<\/p> <p>&nbsp;<\/p> <h2>4. Ziele und Grundlagen<\/h2> <p>Wir verarbeiten Ihre personenbezogenen Daten nur f\u00fcr die folgenden Zwecke:<\/p> <p>&nbsp;<\/p> <table border=\"1\" style=\"height: 144px; width: 100%; border-collapse: separate; border-style: solid; border-color: #2a2334; float: left;\"> <tbody> <tr style=\"height: 48px;\"> <td style=\"width: 33.3333%; height: 48px;\"><strong>Zweck<\/strong><\/td> <td style=\"width: 33.3333%; height: 48px;\"><strong>Beispiele f\u00fcr<\/strong><br \/><strong>Aktivit\u00e4ten<\/strong><\/td> <td style=\"width: 33.3333%; height: 48px;\"><strong>Grundlage<\/strong><\/td> <\/tr> <tr style=\"height: 24px;\"> <td style=\"width: 33.3333%; height: 24px;\">Beantwortung von<br \/>Kontaktanfragen<\/td> <td style=\"width: 33.3333%; height: 24px;\">Demo-Anfrage,<br \/>Kontaktformular<\/td> <td style=\"width: 33.3333%; height: 24px;\">Ausfertigung eines<br \/>(Vor-)Vertrags<\/td> <\/tr> <tr style=\"height: 24px;\"> <td style=\"width: 33.3333%; height: 24px;\">Versenden von<br \/>Marketingmitteilungen<\/td> <td style=\"width: 33.3333%; height: 24px;\">Newsletter, Einladungen zu Termin<\/td> <td style=\"width: 33.3333%; height: 24px;\">Zustimmung (Opt-in)<\/td> <\/tr> <tr style=\"height: 24px;\"> <td style=\"width: 33.3333%; height: 24px;\">Verbesserung unserer Website<\/td> <td style=\"width: 33.3333%; height: 24px;\">Analyse von anonymisiertem Klickverhalten<\/td> <td style=\"width: 33.3333%; height: 24px;\">Legitimes Interesse<\/td> <\/tr> <tr style=\"height: 24px;\"> <td style=\"width: 33.3333%; height: 24px;\">Anmeldung f\u00fcr Downloads oder<br \/>Veranstaltungen<\/td> <td style=\"width: 33.3333%; height: 24px;\">Anmeldung zum E-Guide oder<br \/>Webinar<\/td> <td style=\"width: 33.3333%; height: 24px;\">Ausfertigung der<br \/>(Vor-)Vereinbarung<\/td> <\/tr> <\/tbody> <\/table> <p>&nbsp;<\/p> <h2>5. Aufbewahrungsfristen<\/h2> <p>Wir bewahren personenbezogene Daten nicht l\u00e4nger auf, als es f\u00fcr den Zweck, f\u00fcr den sie erhoben wurden, erforderlich ist:<br \/>\u25cf Kontaktanfragen und Demos: bis zu 12 Monate nach dem letzten Kontaktmoment.<br \/>\u25cf Newsletter- oder Marketing-Abonnements: bis Sie sich abmelden.<br \/>\u25cf Anonymisierte Webstatistiken: werden auf unbestimmte Zeit gespeichert, ohne R\u00fcckverfolgbarkeit zu Einzelpersonen.<\/p> <p>&nbsp;<\/p> <h2>6. Offenlegung gegen\u00fcber Dritten<\/h2> <p>Wir geben personenbezogene Daten nur an Parteien weiter, die Daten in unserem Auftrag verarbeiten und nur dann, wenn dies f\u00fcr unsere Dienstleistungen erforderlich ist.<\/p> <p>F\u00fcr die Website verwenden wir Unterauftragsverarbeiter wie z.B.:<\/p> <p>\u25cf Hosting &amp; Infrastruktur: Google Cloud (EU), WordPress &amp; Kinsta<br \/>\u25cf Marketing &amp; CRM: HubSpot<br \/>\u25cf Analytics &amp; Website-Optimierung: PostHog &amp; Google Analytics<br \/>\u25cf Werbeplattformen: LinkedIn Ads, Google Ads &amp; Facebook<\/p> <p>Es wurden Ma\u00dfnahmen mit Google vereinbart, die Verarbeitungsrechte und vepr Verpflichtungen gem\u00e4\u00df dem DSGVO festlegen. Diese Ma\u00dfnahmen sind in Googles Data Processing Amendment geregelt.<\/p> <p>Mit den anderen Parteien wurden Verarbeitungsvereinbarungen geschlossen, die die Anforderungen des DSGVO erf\u00fcllen.<\/p> <p>Learned gibt keine pers\u00f6nlichen Daten an Dritte f\u00fcr deren eigene kommerzielle Zwecke weiter.<\/p> <p>&nbsp;<\/p> <h2>7. Cookies und Webanalyse<\/h2> <p>Unsere Website verwendet Cookies und \u00e4hnliche Techniken. Mit diesen, verbessern wir den Betrieb unserer Website und analysieren die Nutzung.<\/p> <p>Wir unterscheiden:<\/p> <p>\u25cf Funktionale Cookies &#8211; notwendig f\u00fcr den Betrieb der Website. Wir verwenden hier Kinsta, WordPress und Hubspot, damit unsere Website funktioniert.<br \/>\u25cf Analytische Cookies &#8211; helfen uns zu verstehen, wie Besucher unsere Website nutzen. Wir verwenden PostHog, Google Analytics und Nelio A\/B.<br \/>\u25cf Werbe-Cookies &#8211; werden nur nach Ihrer Zustimmung gesetzt, um personalisierte Werbung anzuzeigen.<\/p> <p>Sie k\u00f6nnen Cookies jederzeit \u00fcber Ihre Browsereinstellungen verwalten oder deaktivieren. Weitere Informationen finden Sie in unserer separaten Cookie-Erkl\u00e4rung.<\/p> <p>&nbsp;<\/p> <h2>8. Sicherheit<\/h2> <p>Learned trifft angemessene technische und organisatorische Ma\u00dfnahmen, um personenbezogene Daten vor Verlust oder unrechtm\u00e4\u00dfiger Verarbeitung zu sch\u00fctzen. Unsere Hosting-Umgebung erf\u00fcllt strenge Sicherheitsstandards und Learned ist ISO 27001-zertifiziert. Nur autorisierte Mitarbeiter haben Zugriff auf personenbezogene Daten und nur dann, wenn dies f\u00fcr ihre Funktion erforderlich ist.<\/p> <p>&nbsp;<\/p> <h2>9. Ihre Rechte<\/h2> <p>Sie haben die folgenden Rechte im Rahmen des DSGVO:<\/p> <p>\u25cf Recht auf Einsicht &#8211; Sie k\u00f6nnen beantragen, zu erfahren, welche Daten wir \u00fcber Sie verarbeiten.<br \/>\u25cf Recht auf Berichtigung &#8211; Sie k\u00f6nnen unrichtige Daten berichtigen lassen.<br \/>\u25cf Recht auf L\u00f6schung &#8211; Sie k\u00f6nnen die L\u00f6schung Ihrer personenbezogenen Daten beantragen.<br \/>\u25cf Recht auf Einschr\u00e4nkung &#8211; Sie k\u00f6nnen die vor\u00fcbergehende Einschr\u00e4nkung der Verarbeitung beantragen.<br \/>\u25cf Widerspruchsrecht &#8211; Sie k\u00f6nnen der Verarbeitung auf der Grundlage von berechtigtem Interesse widersprechen.<br \/>\u25cf Recht auf Daten\u00fcbertragbarkeit &#8211; Sie k\u00f6nnen die \u00dcbertragung Ihrer Daten an einen Dritten verlangen.<br \/>\u25cf Recht auf Widerruf der Einwilligung &#8211; wenn die Verarbeitung auf einer Einwilligung beruht.<\/p> <p>Wenn Sie von diesen Rechten Gebrauch machen m\u00f6chten, senden Sie bitte eine E-Mail an privacy@learned.io.<br \/>Um Missbrauch vorzubeugen, k\u00f6nnen wir Sie um zus\u00e4tzliche Informationen bitten, um Ihre Identit\u00e4t zu \u00fcberpr\u00fcfen. Wir werden auf Ihre Anfrage innerhalb von 30 Tagen antworten. Wenn es sich um eine komplexe Anfrage handelt, kann die Antwortfrist um zwei Monate verl\u00e4ngert werden.<\/p> <p>&nbsp;<\/p> <h2>10. Reklamationen<\/h2> <p>Sind Sie unzufrieden mit der Art und Weise, wie wir mit Ihren Daten umgehen? Dann kontaktieren Sie uns bitte unter privacy@learned.io.<\/p> <p>Wenn Sie der Meinung sind, dass wir Ihre Beschwerde nicht ordnungsgem\u00e4\u00df bearbeitet haben, k\u00f6nnen Sie eine Beschwerde bei der Datenschutzbeh\u00f6rde unter <a href=\"http:\/\/www.autoriteitpersoonsgegevens.nl\">www.autoriteitpersoonsgegevens.nl<\/a> einreichen.<\/p> <p>&nbsp;<\/p> <h2>11. Anwendungen<\/h2> <p>Durch Ihre Bewerbung erhalten wir Ihre pers\u00f6nlichen Daten. Name, Adresse, Geburtsdatum und Telefonnummer, Lebenslauf und Anschreiben. Dar\u00fcber hinaus erteilen Sie uns mit Ihrer Bewerbung die Erlaubnis, im Rahmen des Bewerbungsverfahrens ein Online-Screening durchzuf\u00fchren (z.B. LinkedIn etc.).<\/p> <p>Learned speichert Ihre pers\u00f6nlichen Daten in einer sicheren Datenbank f\u00fcr einen Zeitraum von 4 Wochen nach Abschluss des Bewerbungsverfahrens, mit Ihrer Zustimmung f\u00fcr 12 Monate. Wir geben Ihre Daten nicht zu kommerziellen Zwecken an Dritte weiter. Nur Dritte, die uns bei der Suche nach neuen Kollegen helfen, ben\u00f6tigen manchmal Zugang zu (Teilen) Ihrer Daten. Wir stellen sicher, dass diese Dritten Ihre Daten mit Sorgfalt behandeln und alle Vorschriften einhalten.<\/p> <p>&nbsp;<\/p> <h2>12. \u00c4nderungen<\/h2> <p>Learned beh\u00e4lt sich das Recht vor, diese Datenschutzbestimmungen zu \u00e4ndern. Die aktuellste Version ist immer unter <a href=\"https:\/\/www.learned.io\/nl\/privacy\">https:\/\/www.learned.io\/de\/privacy<\/a> verf\u00fcgbar.<\/p> <p>[\/et_pb_text][\/et_pb_column][\/et_pb_row][\/et_pb_section]<\/p>","protected":false},"excerpt":{"rendered":"<p>Erkl\u00e4rung zum Datenschutz 1. Einf\u00fchrung Ihre Privatsph\u00e4re ist uns wichtig. Learned B.V. (&#8222;Learned&#8220;, &#8222;wir&#8220;) legt gro\u00dfen Wert auf den sorgf\u00e4ltigen Umgang mit personenbezogenen Daten. In dieser Datenschutzerkl\u00e4rung erl\u00e4utern wir, welche personenbezogenen Daten wir \u00fcber unsere Website (www.learned.io) verarbeiten, zu welchen Zwecken und wie wir sie sichern. Learned handelt hiermit in \u00dcbereinstimmung mit der Datenschutz-Grundverordnung (DSGVO). [&hellip;]<\/p>\n","protected":false},"author":1,"featured_media":0,"parent":0,"menu_order":0,"comment_status":"closed","ping_status":"closed","template":"","meta":{"_acf_changed":false,"_et_pb_use_builder":"on","_et_pb_old_content":"","_et_gb_content_width":"","footnotes":""},"class_list":["post-14307357","page","type-page","status-publish","hentry"],"acf":[],"aioseo_notices":[],"_links":{"self":[{"href":"https:\/\/staging.learned.io\/de\/wp-json\/wp\/v2\/pages\/14307357","targetHints":{"allow":["GET"]}}],"collection":[{"href":"https:\/\/staging.learned.io\/de\/wp-json\/wp\/v2\/pages"}],"about":[{"href":"https:\/\/staging.learned.io\/de\/wp-json\/wp\/v2\/types\/page"}],"author":[{"embeddable":true,"href":"https:\/\/staging.learned.io\/de\/wp-json\/wp\/v2\/users\/1"}],"replies":[{"embeddable":true,"href":"https:\/\/staging.learned.io\/de\/wp-json\/wp\/v2\/comments?post=14307357"}],"version-history":[{"count":17,"href":"https:\/\/staging.learned.io\/de\/wp-json\/wp\/v2\/pages\/14307357\/revisions"}],"predecessor-version":[{"id":14322275,"href":"https:\/\/staging.learned.io\/de\/wp-json\/wp\/v2\/pages\/14307357\/revisions\/14322275"}],"wp:attachment":[{"href":"https:\/\/staging.learned.io\/de\/wp-json\/wp\/v2\/media?parent=14307357"}],"curies":[{"name":"wp","href":"https:\/\/api.w.org\/{rel}","templated":true}]}}