


{"id":14307420,"date":"2024-07-26T14:47:59","date_gmt":"2024-07-26T13:47:59","guid":{"rendered":"https:\/\/staging.learned.io\/?page_id=14307420"},"modified":"2025-08-06T14:01:13","modified_gmt":"2025-08-06T13:01:13","slug":"impressum","status":"publish","type":"page","link":"https:\/\/staging.learned.io\/de\/impressum\/","title":{"rendered":"Impressum"},"content":{"rendered":"<p>[et_pb_section fb_built=&#8220;1&#8243; custom_padding_last_edited=&#8220;off|desktop&#8220; disabled_on=&#8220;off|off|off&#8220; _builder_version=&#8220;4.27.3&#8243; _module_preset=&#8220;default&#8220; background_color=&#8220;#FDF2ED&#8220; custom_margin=&#8220;0px||0px||false|false&#8220; custom_padding=&#8220;||100px||false|false&#8220; custom_padding_tablet=&#8220;20px||||false|false&#8220; custom_padding_phone=&#8220;20px||||false|false&#8220; global_colors_info=&#8220;{}&#8220;][et_pb_row _builder_version=&#8220;4.21.0&#8243; _module_preset=&#8220;default&#8220; module_alignment=&#8220;center&#8220; global_colors_info=&#8220;{}&#8220;][et_pb_column type=&#8220;4_4&#8243; _builder_version=&#8220;4.19.4&#8243; _module_preset=&#8220;default&#8220; global_colors_info=&#8220;{}&#8220;][et_pb_text _builder_version=&#8220;4.27.4&#8243; _module_preset=&#8220;default&#8220; text_text_color=&#8220;#2A2334&#8243; header_font=&#8220;|600|||||||&#8220; header_text_color=&#8220;#2A2334&#8243; hover_enabled=&#8220;0&#8243; global_colors_info=&#8220;{}&#8220; sticky_enabled=&#8220;0&#8243;]<\/p> <h1>Learned B.V.<\/h1> <p><strong>Adresse<\/strong>: Europalaan 100, 3526 KS, Utrecht, Die Niederlande<br \/><strong>Email<\/strong>: privacy@learned.io<br \/><strong>Telefon<\/strong>: +31 85 02 500 97<br \/><strong>Website<\/strong>: https:\/\/www.learned.io\/de\/<br \/><strong>Gesch\u00e4ftsf\u00fchrer<\/strong>: Rick Kuijf, Paul Kuijf, Joost Kuijf<br \/><strong>Umsatzsteuer-Identifikationsnummer<\/strong>: NL859012487B01<\/p> <p>Zur Kontaktaufnahme f\u00fcllen Sie unser <a href=\"https:\/\/www.learned.io\/de\/kontakt\/\">Kontaktformular aus.<\/a><\/p> <p>[\/et_pb_text][\/et_pb_column][\/et_pb_row][\/et_pb_section]<\/p>","protected":false},"excerpt":{"rendered":"<p>Learned B.V. Adresse: Europalaan 100, 3526 KS, Utrecht, Die NiederlandeEmail: privacy@learned.ioTelefon: +31 85 02 500 97Website: https:\/\/www.learned.io\/de\/Gesch\u00e4ftsf\u00fchrer: Rick Kuijf, Paul Kuijf, Joost KuijfUmsatzsteuer-Identifikationsnummer: NL859012487B01 Zur Kontaktaufnahme f\u00fcllen Sie unser Kontaktformular aus.<\/p>\n","protected":false},"author":17,"featured_media":0,"parent":0,"menu_order":0,"comment_status":"closed","ping_status":"closed","template":"","meta":{"_acf_changed":false,"_et_pb_use_builder":"on","_et_pb_old_content":"","_et_gb_content_width":"","footnotes":""},"class_list":["post-14307420","page","type-page","status-publish","hentry"],"acf":[],"aioseo_notices":[],"_links":{"self":[{"href":"https:\/\/staging.learned.io\/de\/wp-json\/wp\/v2\/pages\/14307420","targetHints":{"allow":["GET"]}}],"collection":[{"href":"https:\/\/staging.learned.io\/de\/wp-json\/wp\/v2\/pages"}],"about":[{"href":"https:\/\/staging.learned.io\/de\/wp-json\/wp\/v2\/types\/page"}],"author":[{"embeddable":true,"href":"https:\/\/staging.learned.io\/de\/wp-json\/wp\/v2\/users\/17"}],"replies":[{"embeddable":true,"href":"https:\/\/staging.learned.io\/de\/wp-json\/wp\/v2\/comments?post=14307420"}],"version-history":[{"count":14,"href":"https:\/\/staging.learned.io\/de\/wp-json\/wp\/v2\/pages\/14307420\/revisions"}],"predecessor-version":[{"id":14320052,"href":"https:\/\/staging.learned.io\/de\/wp-json\/wp\/v2\/pages\/14307420\/revisions\/14320052"}],"wp:attachment":[{"href":"https:\/\/staging.learned.io\/de\/wp-json\/wp\/v2\/media?parent=14307420"}],"curies":[{"name":"wp","href":"https:\/\/api.w.org\/{rel}","templated":true}]}}