


{"id":14322221,"date":"2025-11-10T14:13:26","date_gmt":"2025-11-10T13:13:26","guid":{"rendered":"https:\/\/staging.learned.io\/cookie-anweisung-learned-b-v\/"},"modified":"2025-11-17T16:41:35","modified_gmt":"2025-11-17T15:41:35","slug":"cookie-anweisung-learned-b-v","status":"publish","type":"page","link":"https:\/\/staging.learned.io\/de\/cookie-anweisung-learned-b-v\/","title":{"rendered":"Cookie-Anweisung Learned B.V."},"content":{"rendered":"<p>[et_pb_section fb_built=&#8220;1&#8243; custom_padding_last_edited=&#8220;on|tablet&#8220; disabled_on=&#8220;off|off|off&#8220; _builder_version=&#8220;4.27.4&#8243; _module_preset=&#8220;default&#8220; background_color=&#8220;#FDF2ED&#8220; custom_margin=&#8220;25px||||false|false&#8220; custom_padding=&#8220;80px||80px||false|false&#8220; custom_padding_tablet=&#8220;20px||||false|false&#8220; custom_padding_phone=&#8220;||0px||false|false&#8220; global_colors_info=&#8220;{}&#8220;][et_pb_row _builder_version=&#8220;4.21.0&#8243; _module_preset=&#8220;default&#8220; module_alignment=&#8220;center&#8220; global_colors_info=&#8220;{}&#8220;][et_pb_column type=&#8220;4_4&#8243; _builder_version=&#8220;4.19.4&#8243; _module_preset=&#8220;default&#8220; global_colors_info=&#8220;{}&#8220;][et_pb_text _builder_version=&#8220;4.27.4&#8243; _module_preset=&#8220;default&#8220; global_colors_info=&#8220;{}&#8220;]<\/p> <h1>Cookie-Anweisung Learned B.V.<\/h1> <p>[\/et_pb_text][et_pb_text _builder_version=&#8220;4.27.4&#8243; _module_preset=&#8220;default&#8220; header_2_font_size=&#8220;21px&#8220; header_3_font_size=&#8220;18px&#8220; global_colors_info=&#8220;{}&#8220;]<\/p> <p>&nbsp;<\/p> <h2>1. Was sind Cookies?<\/h2> <p>Cookies sind kleine Textdateien, die auf Ihrem Ger\u00e4t gespeichert werden, wenn Sie unsere Website besuchen. Sie helfen uns, dass die Website ordnungsgem\u00e4\u00df funktioniert, verbessern die Benutzerfreundlichkeit und zeigen relevante Informationen an. Einige Cookies sind f\u00fcr den Betrieb der Website erforderlich, andere verwenden wir nur mit Ihrer Zustimmung.<\/p> <p>&nbsp;<\/p> <h2>2. Wer setzt Cookies?<\/h2> <p>Cookies werden von Learned B.V. oder von Dritten, mit denen wir zusammenarbeiten, gesetzt, z.B. von Analyse- oder Werbeplattformen. Wenn Dritte Cookies setzen, verarbeiten sie die Daten gem\u00e4\u00df ihren eigenen Datenschutz- und Cookie-Richtlinien. Learned stellt sicher, dass diese Parteien das DSGVO einhalten und, falls erforderlich, Prozessorvereinbarungen abgeschlossen haben.<\/p> <p>&nbsp;<\/p> <h2>3. Arten von Cookies, die wir verwenden<\/h2> <p>&nbsp;<\/p> <h3>A. Funktionale Cookies (immer aktiv)<\/h3> <p>Diese Cookies sind f\u00fcr den grundlegenden Betrieb unserer Website erforderlich und k\u00f6nnen nicht deaktiviert werden. Sie sorgen zum Beispiel daf\u00fcr, dass:<br \/>\u25cf Ihre Cookie-Einstellungen gespeichert werden;<br \/>\u25cf Formulare korrekt funktionieren;<br \/>\u25cf die Website sicher und stabil l\u00e4uft.<br \/>Beispiele: Webflow-Hosting-Cookies, HubSpot Essential Cookies.<\/p> <p>&nbsp;<\/p> <h3>B. Analytische Cookies<\/h3> <p>Mit analytischen Cookies messen wir, wie Besucher unsere Website nutzen. Dies gibt uns Aufschluss dar\u00fcber, welche Seiten am h\u00e4ufigsten besucht werden und wie Besucher navigieren, so dass wir unsere Website verbessern k\u00f6nnen. Die Daten werden anonymisiert und nicht dazu verwendet, Sie pers\u00f6nlich zu identifizieren. Beispiele: PostHog (in der EU gehostete Analyseprogramme), Google Analytics (mit IP-Anonymisierung). Grundlage: berechtigtes Interesse.<\/p> <p>&nbsp;<\/p> <h3>C. Marketing- und Werbe-Cookies (nur mit Genehmigung)<\/h3> <p>Diese Cookies helfen uns, Anzeigen zu schalten, die besser zu Ihren Interessen passen. Sie verfolgen Ihr Surfverhalten auf learned.io und manchmal auch auf anderen Websites, um personalisierte Inhalte anzubieten. Beispiele: LinkedIn Ads, Google Ads, HubSpot Tracking-Cookies. Grundlage: Zustimmung \u00fcber Cookie-Banner. Sie k\u00f6nnen diese Cookies \u00fcber die Cookie-Einstellungen ablehnen oder sp\u00e4ter zur\u00fcckziehen.<\/p> <p>&nbsp;<\/p> <h2>4. Welche Daten werden von Cookies erfasst?<\/h2> <p>Je nach Art des Cookies k\u00f6nnen die folgenden Daten erfasst werden:<br \/>\u25cf IP-Adresse (wenn m\u00f6glich anonymisiert);<br \/>\u25cf Ger\u00e4tetyp, Betriebssystem und Browser;<br \/>\u25cf besuchte Seiten, Klickverhalten und Sitzungsdauer;<br \/>\u25cf verweisende Website (Referrer);<br \/>\u25cf Interaktion mit Formularen, E-Mails oder Werbung.<\/p> <p>Wir verkn\u00fcpfen diese Daten nicht mit Ihrem Namen oder Ihrer E-Mail-Adresse, es sei denn, Sie haben diese freiwillig eingegeben (z.B. in einem Formular).<\/p> <p>&nbsp;<\/p> <h2>5. Cookie-Einstellungen verwalten<\/h2> <p>Sie k\u00f6nnen Ihre Cookie-Einstellungen jederzeit \u00fcber die Cookie-Einstellungen auf unserer Website \u00e4ndern oder widerrufen.<br \/>Dar\u00fcber hinaus k\u00f6nnen Sie Cookies \u00fcber Ihre Browsereinstellungen vollst\u00e4ndig l\u00f6schen oder blockieren:<br \/>\u25cf Google Chrome<br \/>\u25cf Mozilla Firefox<br \/>\u25cf Safari<br \/>\u25cf Microsoft Edge<\/p> <p>Bitte beachten Sie, dass einige Funktionen unserer Website m\u00f6glicherweise nicht richtig funktionieren, wenn Sie Cookies deaktivieren.<\/p> <p>&nbsp;<\/p> <h2>6. Cookies von Dritten<\/h2> <p>Unsere Website kann Links oder eingebettete Inhalte (wie Videos oder Beitr\u00e4ge in sozialen Medien) enthalten. Diese externen Plattformen (z.B. YouTube, LinkedIn) k\u00f6nnen selbst Cookies setzen, sobald Sie deren Inhalte betrachten. Learned hat keine Kontrolle \u00fcber diese Cookies. Weitere Informationen finden Sie in der Cookie-Richtlinie der jeweiligen Partei.<\/p> <p>&nbsp;<\/p> <h2>7. \u00c4nderungen<\/h2> <p>Learned beh\u00e4lt sich das Recht vor, diese Cookie-Erkl\u00e4rung zu \u00e4ndern. Wir empfehlen Ihnen, diese Seite regelm\u00e4\u00dfig zu besuchen, um sich \u00fcber eventuelle \u00c4nderungen zu informieren. Die aktuellste Version finden Sie immer unter https:\/\/www.learned.io\/nl\/cookies.<\/p> <p>&nbsp;<\/p> <h2>8. Kontakt<\/h2> <p>Wenn Sie Fragen zur Verwendung von Cookies oder zu dieser Erkl\u00e4rung haben, kontaktieren Sie uns bitte unter:<br \/>privacy@learned.io<br \/>Learned B.V., Niederlande<\/p> <p>[\/et_pb_text][\/et_pb_column][\/et_pb_row][\/et_pb_section]<\/p>","protected":false},"excerpt":{"rendered":"<p>Cookie-Anweisung Learned B.V.&nbsp; 1. Was sind Cookies? Cookies sind kleine Textdateien, die auf Ihrem Ger\u00e4t gespeichert werden, wenn Sie unsere Website besuchen. Sie helfen uns, dass die Website ordnungsgem\u00e4\u00df funktioniert, verbessern die Benutzerfreundlichkeit und zeigen relevante Informationen an. Einige Cookies sind f\u00fcr den Betrieb der Website erforderlich, andere verwenden wir nur mit Ihrer Zustimmung. &nbsp; [&hellip;]<\/p>\n","protected":false},"author":17,"featured_media":0,"parent":0,"menu_order":0,"comment_status":"closed","ping_status":"closed","template":"","meta":{"_acf_changed":false,"_et_pb_use_builder":"on","_et_pb_old_content":"","_et_gb_content_width":"","footnotes":""},"class_list":["post-14322221","page","type-page","status-publish","hentry"],"acf":[],"aioseo_notices":[],"_links":{"self":[{"href":"https:\/\/staging.learned.io\/de\/wp-json\/wp\/v2\/pages\/14322221","targetHints":{"allow":["GET"]}}],"collection":[{"href":"https:\/\/staging.learned.io\/de\/wp-json\/wp\/v2\/pages"}],"about":[{"href":"https:\/\/staging.learned.io\/de\/wp-json\/wp\/v2\/types\/page"}],"author":[{"embeddable":true,"href":"https:\/\/staging.learned.io\/de\/wp-json\/wp\/v2\/users\/17"}],"replies":[{"embeddable":true,"href":"https:\/\/staging.learned.io\/de\/wp-json\/wp\/v2\/comments?post=14322221"}],"version-history":[{"count":6,"href":"https:\/\/staging.learned.io\/de\/wp-json\/wp\/v2\/pages\/14322221\/revisions"}],"predecessor-version":[{"id":14322257,"href":"https:\/\/staging.learned.io\/de\/wp-json\/wp\/v2\/pages\/14322221\/revisions\/14322257"}],"wp:attachment":[{"href":"https:\/\/staging.learned.io\/de\/wp-json\/wp\/v2\/media?parent=14322221"}],"curies":[{"name":"wp","href":"https:\/\/api.w.org\/{rel}","templated":true}]}}